{"id":1035,"date":"2016-06-19T22:23:20","date_gmt":"2016-06-19T20:23:20","guid":{"rendered":"https:\/\/www.neata.fr\/?page_id=1035"},"modified":"2019-01-21T19:54:53","modified_gmt":"2019-01-21T17:54:53","slug":"accompagnement-createur","status":"publish","type":"page","link":"https:\/\/www.neata.fr\/index.php\/accompagnement-createur\/","title":{"rendered":"Accompagnement Cr\u00e9ateurs"},"content":{"rendered":"<p>[vc_row][vc_column]\n<div id=\"rev_slider_23_1_wrapper\" class=\"rev_slider_wrapper fullscreen-container\" data-source=\"gallery\" style=\"background:transparent;padding:0px;\">\n<!-- START REVOLUTION SLIDER 5.4.8.1 fullscreen mode -->\n\t<div id=\"rev_slider_23_1\" class=\"rev_slider fullscreenbanner\" style=\"display:none;\" data-version=\"5.4.8.1\">\n<ul>\t<!-- SLIDE  -->\n\t<li data-index=\"rs-43\" data-transition=\"notransition\" data-slotamount=\"default\" data-hideafterloop=\"0\" data-hideslideonmobile=\"off\"  data-easein=\"default\" data-easeout=\"default\" data-masterspeed=\"default\"  data-thumb=\"https:\/\/www.neata.fr\/site\/wp-content\/uploads\/2016\/08\/createur-100x50.jpg\"  data-rotate=\"0\"  data-saveperformance=\"off\"  data-title=\"Awesome\" data-param1=\"\" data-param2=\"\" data-param3=\"\" data-param4=\"\" data-param5=\"\" data-param6=\"\" data-param7=\"\" data-param8=\"\" data-param9=\"\" data-param10=\"\" data-description=\"\">\n\t\t<!-- MAIN IMAGE -->\n\t\t<img loading=\"lazy\" decoding=\"async\" src=\"https:\/\/www.neata.fr\/site\/wp-content\/uploads\/2016\/08\/createur.jpg\"  alt=\"\" title=\"createur\"  width=\"5000\" height=\"3525\" data-bgposition=\"center center\" data-bgfit=\"cover\" data-bgrepeat=\"no-repeat\" data-bgparallax=\"off\" class=\"rev-slidebg\" data-no-retina>\n\t\t<!-- LAYERS -->\n\t<\/li>\n<\/ul>\n<script>var htmlDiv = document.getElementById(\"rs-plugin-settings-inline-css\"); var htmlDivCss=\"\";\r\n\t\t\t\t\t\tif(htmlDiv) {\r\n\t\t\t\t\t\t\thtmlDiv.innerHTML = htmlDiv.innerHTML + htmlDivCss;\r\n\t\t\t\t\t\t}else{\r\n\t\t\t\t\t\t\tvar htmlDiv = document.createElement(\"div\");\r\n\t\t\t\t\t\t\thtmlDiv.innerHTML = \"<style>\" + htmlDivCss + \"<\/style>\";\r\n\t\t\t\t\t\t\tdocument.getElementsByTagName(\"head\")[0].appendChild(htmlDiv.childNodes[0]);\r\n\t\t\t\t\t\t}\r\n\t\t\t\t\t<\/script>\n<div class=\"tp-bannertimer tp-bottom\" style=\"visibility: hidden !important;\"><\/div>\t<\/div>\n<script>var htmlDiv = document.getElementById(\"rs-plugin-settings-inline-css\"); var htmlDivCss=\"\";\r\n\t\t\t\tif(htmlDiv) {\r\n\t\t\t\t\thtmlDiv.innerHTML = htmlDiv.innerHTML + htmlDivCss;\r\n\t\t\t\t}else{\r\n\t\t\t\t\tvar htmlDiv = document.createElement(\"div\");\r\n\t\t\t\t\thtmlDiv.innerHTML = \"<style>\" + htmlDivCss + \"<\/style>\";\r\n\t\t\t\t\tdocument.getElementsByTagName(\"head\")[0].appendChild(htmlDiv.childNodes[0]);\r\n\t\t\t\t}\r\n\t\t\t<\/script>\n\t\t<script type=\"text\/javascript\">\r\nif (setREVStartSize!==undefined) setREVStartSize(\r\n\t{c: '#rev_slider_23_1', responsiveLevels: [1240,1024,1024,1024], gridwidth: [1240,1024,1024,1024], gridheight: [868,768,768,768], sliderLayout: 'fullscreen', fullScreenAutoWidth:'off', fullScreenAlignForce:'off', fullScreenOffsetContainer:'header', fullScreenOffset:''});\r\n\t\t\t\r\nvar revapi23,\r\n\ttpj;\t\r\n(function() {\t\t\t\r\n\tif (!\/loaded|interactive|complete\/.test(document.readyState)) document.addEventListener(\"DOMContentLoaded\",onLoad); else onLoad();\t\r\n\tfunction onLoad() {\t\t\t\t\r\n\t\tif (tpj===undefined) { tpj = jQuery; if(\"off\" == \"on\") tpj.noConflict();}\r\n\tif(tpj(\"#rev_slider_23_1\").revolution == undefined){\n\t\trevslider_showDoubleJqueryError(\"#rev_slider_23_1\");\n\t}else{\n\t\trevapi23 = tpj(\"#rev_slider_23_1\").show().revolution({\n\t\t\tsliderType:\"standard\",\n\t\t\tjsFileLocation:\"\/\/www.neata.fr\/site\/wp-content\/plugins\/revslider\/public\/assets\/js\/\",\n\t\t\tsliderLayout:\"fullscreen\",\n\t\t\tdottedOverlay:\"none\",\n\t\t\tdelay:9000,\n\t\t\tnavigation: {\n\t\t\t\tkeyboardNavigation:\"off\",\n\t\t\t\tkeyboard_direction: \"horizontal\",\n\t\t\t\tmouseScrollNavigation:\"off\",\n \t\t\t\t\t\t\tmouseScrollReverse:\"default\",\n\t\t\t\tonHoverStop:\"off\",\n\t\t\t\tbullets: {\n\t\t\t\t\tenable:true,\n\t\t\t\t\thide_onmobile:false,\n\t\t\t\t\tstyle:\"hermes\",\n\t\t\t\t\thide_onleave:false,\n\t\t\t\t\tdirection:\"vertical\",\n\t\t\t\t\th_align:\"right\",\n\t\t\t\t\tv_align:\"center\",\n\t\t\t\t\th_offset:50,\n\t\t\t\t\tv_offset:20,\n\t\t\t\t\tspace:5,\n\t\t\t\t\ttmp:''\n\t\t\t\t}\n\t\t\t},\n\t\t\tresponsiveLevels:[1240,1024,1024,1024],\n\t\t\tvisibilityLevels:[1240,1024,1024,1024],\n\t\t\tgridwidth:[1240,1024,1024,1024],\n\t\t\tgridheight:[868,768,768,768],\n\t\t\tlazyType:\"none\",\n\t\t\tparallax: {\n\t\t\t\ttype:\"mouse\",\n\t\t\t\torigo:\"enterpoint\",\n\t\t\t\tspeed:400,\n\t\t\t\tspeedbg:0,\n\t\t\t\tspeedls:0,\n\t\t\t\tlevels:[5,10,15,20,25,30,35,40,45,50,46,47,48,49,50,55],\n\t\t\t},\n\t\t\tshadow:0,\n\t\t\tspinner:\"spinner2\",\n\t\t\tstopLoop:\"off\",\n\t\t\tstopAfterLoops:-1,\n\t\t\tstopAtSlide:-1,\n\t\t\tshuffle:\"off\",\n\t\t\tautoHeight:\"off\",\n\t\t\tfullScreenAutoWidth:\"off\",\n\t\t\tfullScreenAlignForce:\"off\",\n\t\t\tfullScreenOffsetContainer: \"header\",\n\t\t\tfullScreenOffset: \"\",\n\t\t\tdisableProgressBar:\"on\",\n\t\t\thideThumbsOnMobile:\"off\",\n\t\t\thideSliderAtLimit:0,\n\t\t\thideCaptionAtLimit:0,\n\t\t\thideAllCaptionAtLilmit:0,\n\t\t\tdebugMode:false,\n\t\t\tfallbacks: {\n\t\t\t\tsimplifyAll:\"off\",\n\t\t\t\tnextSlideOnWindowFocus:\"off\",\n\t\t\t\tdisableFocusListener:false,\n\t\t\t}\n\t\t});\n\t}; \/* END OF revapi call *\/\n\t\n }; \/* END OF ON LOAD FUNCTION *\/\r\n}()); \/* END OF WRAPPING FUNCTION *\/\r\n<\/script>\r\n\t\t<script>\r\n\t\t\t\t\tvar htmlDivCss = ' #rev_slider_23_1_wrapper .tp-loader.spinner2{ background-color: #FFFFFF !important; } ';\r\n\t\t\t\t\tvar htmlDiv = document.getElementById('rs-plugin-settings-inline-css');\r\n\t\t\t\t\tif(htmlDiv) {\r\n\t\t\t\t\t\thtmlDiv.innerHTML = htmlDiv.innerHTML + htmlDivCss;\r\n\t\t\t\t\t}\r\n\t\t\t\t\telse{\r\n\t\t\t\t\t\tvar htmlDiv = document.createElement('div');\r\n\t\t\t\t\t\thtmlDiv.innerHTML = '<style>' + htmlDivCss + '<\/style>';\r\n\t\t\t\t\t\tdocument.getElementsByTagName('head')[0].appendChild(htmlDiv.childNodes[0]);\r\n\t\t\t\t\t}\r\n\t\t\t\t\t<\/script>\r\n\t\t\t\t\t<script>\r\n\t\t\t\t\tvar htmlDivCss = unescape(\".hermes.tp-bullets%20%7B%0A%7D%0A%0A.hermes%20.tp-bullet%20%7B%0A%20%20%20%20overflow%3Ahidden%3B%0A%20%20%20%20border-radius%3A50%25%3B%0A%20%20%20%20width%3A16px%3B%0A%20%20%20%20height%3A16px%3B%0A%20%20%20%20background-color%3A%20rgba%280%2C%200%2C%200%2C%200%29%3B%0A%20%20%20%20box-shadow%3A%20inset%200%200%200%202px%20rgb%28255%2C%20255%2C%20255%29%3B%0A%20%20%20%20-webkit-transition%3A%20background%200.3s%20ease%3B%0A%20%20%20%20transition%3A%20background%200.3s%20ease%3B%0A%20%20%20%20position%3Aabsolute%3B%0A%7D%0A%0A.hermes%20.tp-bullet%3Ahover%20%7B%0A%09%20%20background-color%3A%20rgba%280%2C0%2C0%2C0.21%29%3B%0A%7D%0A.hermes%20.tp-bullet%3Aafter%20%7B%0A%20%20content%3A%20%27%20%27%3B%0A%20%20position%3A%20absolute%3B%0A%20%20bottom%3A%200%3B%0A%20%20height%3A%200%3B%0A%20%20left%3A%200%3B%0A%20%20width%3A%20100%25%3B%0A%20%20background-color%3A%20rgb%28255%2C%20255%2C%20255%29%3B%0A%20%20box-shadow%3A%200%200%201px%20rgb%28255%2C%20255%2C%20255%29%3B%0A%20%20-webkit-transition%3A%20height%200.3s%20ease%3B%0A%20%20transition%3A%20height%200.3s%20ease%3B%0A%7D%0A.hermes%20.tp-bullet.selected%3Aafter%20%7B%0A%20%20height%3A100%25%3B%0A%7D%0A%0A\");\r\n\t\t\t\t\tvar htmlDiv = document.getElementById('rs-plugin-settings-inline-css');\r\n\t\t\t\t\tif(htmlDiv) {\r\n\t\t\t\t\t\thtmlDiv.innerHTML = htmlDiv.innerHTML + htmlDivCss;\r\n\t\t\t\t\t}\r\n\t\t\t\t\telse{\r\n\t\t\t\t\t\tvar htmlDiv = document.createElement('div');\r\n\t\t\t\t\t\thtmlDiv.innerHTML = '<style>' + htmlDivCss + '<\/style>';\r\n\t\t\t\t\t\tdocument.getElementsByTagName('head')[0].appendChild(htmlDiv.childNodes[0]);\r\n\t\t\t\t\t}\r\n\t\t\t\t  <\/script>\r\n\t\t\t\t<\/div><!-- END REVOLUTION SLIDER -->[\/vc_column][\/vc_row][vc_row][vc_column][vc_column_text][vc_row][vc_column][vc_column_text]<\/p>\n<h3>Neata aide les cr\u00e9ateurs \u00e0 construire un projet d&rsquo;entreprise abouti et pertinent, en phase avec leurs envies et avec les potentialit\u00e9s du march\u00e9.<\/h3>\n<p>[\/vc_column_text][\/vc_column][\/vc_row][vc_row][vc_column width=\u00a0\u00bb1\/2&Prime;][vc_column_text css_animation=\u00a0\u00bbleft-to-right\u00a0\u00bb]<\/p>\n<p style=\"text-align: justify;\">Cr\u00e9er une entreprise aujourd\u2019hui, c\u2019est assez simple et rapide. La d\u00e9velopper, la faire fructifier l\u2019est beaucoup moins\u00a0! Pour p\u00e9renniser son entreprise, il est important de partir sur de bonnes bases. Trouver un positionnement diff\u00e9renciant et vendeur, bien s\u00fbr, mais aussi \u00eatre visible et donner envie. C&rsquo;est l&rsquo;objet de la strat\u00e9gie marketing.<\/p>\n<p style=\"text-align: justify;\">Pour rendre votre projet performant, valoriser au mieux votre produit ou votre service, nous vous proposons un <a href=\"https:\/\/www.neata.fr\/index.php\/portfolio-item\/anne-crea-conseil\/\">parcours d\u2019accompagnement<\/a> sur une dur\u00e9e courte, en cinq \u00e9tapes. L\u2019objectif est de construire et formaliser votre projet d\u2019entreprise en termes d\u2019offre, de politique tarifaire, de distribution et de communication.<\/p>\n<p>[\/vc_column_text][\/vc_column][vc_column width=\u00a0\u00bb1\/2&Prime;][vc_column_text css_animation=\u00a0\u00bbright-to-left\u00a0\u00bb]<\/p>\n<p class=\"Corps\" style=\"text-align: justify;\">Bas\u00e9e sur votre r\u00e9alit\u00e9, la connaissance que vous avez de votre m\u00e9tier, de votre environnement, de vous-m\u00eame, cette prestation individuelle et 100% personnalis\u00e9e s\u2019appuie sur des m\u00e9thodes et outils marketing accessibles. Elle alterne de mani\u00e8re rythm\u00e9e exercices de r\u00e9flexion, analyses de pratiques, mises en situation r\u00e9elle et apports du consultant. Chaque s\u00e9ance permet d\u2019avancer dans la <a href=\"https:\/\/www.neata.fr\/index.php\/portfolio-item\/lhistoire-de-etre-mieux-etre\/\">strat\u00e9gie marketing de votre projet<\/a>. Dans l\u2019intervalle, vous mettez en \u0153uvre votre plan d\u2019actions pour atteindre vos objectifs, \u00e9tape par \u00e9tape.<\/p>\n<p>[\/vc_column_text][\/vc_column][\/vc_row][vc_row full_width=\u00a0\u00bbstretch_row\u00a0\u00bb css=\u00a0\u00bb.vc_custom_1466367956316{background-color: #ed6e29 !important;}\u00a0\u00bb][vc_column]<div class=\"mgt-header-block text-center wpb_content_element\"><h5>Notre parcours d\u2019accompagnement en 5 \u00e9tapes<\/h5><p>Nous avons con\u00e7u un parcours d\u2019accompagnement type, que nous adaptons \u00e0 vos besoins et contraintes.<\/p><\/div>[\/vc_column][\/vc_row][vc_row full_width=\u00a0\u00bbstretch_row\u00a0\u00bb css=\u00a0\u00bb.vc_custom_1466367956316{background-color: #ed6e29 !important;}\u00a0\u00bb][vc_column width=\u00a0\u00bb1\/2&Prime;][vc_single_image image=\u00a0\u00bb2316&Prime; img_size=\u00a0\u00bbfull\u00a0\u00bb alignment=\u00a0\u00bbcenter\u00a0\u00bb][\/vc_column][vc_column width=\u00a0\u00bb1\/2&Prime;][vc_tta_accordion style=\u00a0\u00bbflat\u00a0\u00bb color=\u00a0\u00bbwhite\u00a0\u00bb spacing=\u00a0\u00bb3&Prime; active_section=\u00a0\u00bb1&Prime;][vc_tta_section i_icon_fontawesome=\u00a0\u00bbfa fa-bars\u00a0\u00bb title=\u00a0\u00bbEtape 1 : audit et \u00e9tude de march\u00e9\u00a0\u00bb tab_id=\u00a0\u00bb1468009718761-72f7102d-86ef\u00a0\u00bb add_icon=\u00a0\u00bbtrue\u00a0\u00bb][vc_column_text]<\/p>\n<ul>\n<li>Faire un tour d\u2019horizon de votre projet, identifier les \u00e9l\u00e9ments du SWOT (forces, faiblesses, opportunit\u00e9s, menaces)<\/li>\n<li>Observer et analyser votre march\u00e9 et vos concurrents<\/li>\n<\/ul>\n<p>[\/vc_column_text][\/vc_tta_section][vc_tta_section i_icon_fontawesome=\u00a0\u00bbfa fa-table\u00a0\u00bb title=\u00a0\u00bbEtape 2 : Segmentation march\u00e9\/ciblage, positionnement\u00a0\u00bb tab_id=\u00a0\u00bb1468009718998-0888ee08-0888&Prime; add_icon=\u00a0\u00bbtrue\u00a0\u00bb][vc_column_text]<\/p>\n<ul>\n<li>Identifier clairement votre cible<\/li>\n<li>Trouver votre place sur votre march\u00e9<\/li>\n<\/ul>\n<p>[\/vc_column_text][\/vc_tta_section][vc_tta_section i_icon_fontawesome=\u00a0\u00bbfa fa-cogs\u00a0\u00bb title=\u00a0\u00bbEtape 3 : Mix-marketing\u00a0\u00bb tab_id=\u00a0\u00bb1468009719217-baeaff90-170f\u00a0\u00bb add_icon=\u00a0\u00bbtrue\u00a0\u00bb][vc_column_text]<\/p>\n<p style=\"padding-left: 30px;\">Prendre les bonnes d\u00e9cisions en termes de produit, de prix, de communication et de distribution<\/p>\n<p>[\/vc_column_text][\/vc_tta_section][vc_tta_section i_icon_fontawesome=\u00a0\u00bbfa fa-map-o\u00a0\u00bb title=\u00a0\u00bbEtape 4 : Plan marketing, communication et marketing digital\u00a0\u00bb tab_id=\u00a0\u00bb1468009719436-e5357e9b-d815&Prime; add_icon=\u00a0\u00bbtrue\u00a0\u00bb][vc_column_text]<\/p>\n<p style=\"padding-left: 30px;\">Passer \u00e0 l\u2019action pour atteindre vos objectifs commerciaux<\/p>\n<p>[\/vc_column_text][\/vc_tta_section][vc_tta_section i_icon_fontawesome=\u00a0\u00bbfa fa-pencil-square-o\u00a0\u00bb title=\u00a0\u00bbEtape 5 : Strat\u00e9gie \u00e9ditoriale \/ brand content, inbound marketing\u00a0\u00bb tab_id=\u00a0\u00bb1468009719656-38e6dfe5-f98a\u00a0\u00bb add_icon=\u00a0\u00bbtrue\u00a0\u00bb][vc_column_text]<\/p>\n<ul>\n<li>Mettre vos contenus au service de votre strat\u00e9gie<\/li>\n<li>Int\u00e9resser votre cible et cr\u00e9er de l\u2019interactivit\u00e9<\/li>\n<\/ul>\n<p>[\/vc_column_text][\/vc_tta_section][\/vc_tta_accordion][\/vc_column][\/vc_row][vc_row][vc_column][vc_column_text]<\/p>\n<p>[\/vc_column_text][\/vc_column][\/vc_row][vc_row][vc_column]<div class=\"mgt-header-block text-center wpb_content_element\"><h5>Les outils utilis\u00e9s<\/h5><\/div>[\/vc_column][\/vc_row][vc_row][vc_column width=\u00a0\u00bb1\/4&Prime;][vc_icon icon_fontawesome=\u00a0\u00bbfa fa-table\u00a0\u00bb color=\u00a0\u00bbwhite\u00a0\u00bb background_style=\u00a0\u00bbrounded\u00a0\u00bb background_color=\u00a0\u00bbmulled_wine\u00a0\u00bb align=\u00a0\u00bbcenter\u00a0\u00bb][vc_column_text]<\/p>\n<h3 style=\"text-align: center;\"><span style=\"color: #483648;\">Grille d\u2019audit<\/span><\/h3>\n<p>[\/vc_column_text][\/vc_column][vc_column width=\u00a0\u00bb1\/4&Prime;][vc_icon icon_fontawesome=\u00a0\u00bbfa fa-th-large\u00a0\u00bb color=\u00a0\u00bbwhite\u00a0\u00bb background_style=\u00a0\u00bbrounded\u00a0\u00bb background_color=\u00a0\u00bbmulled_wine\u00a0\u00bb align=\u00a0\u00bbcenter\u00a0\u00bb][vc_column_text]<\/p>\n<h3 style=\"text-align: center;\"><span style=\"color: #483648;\">SWOT<\/span><\/h3>\n<p>[\/vc_column_text][\/vc_column][vc_column width=\u00a0\u00bb1\/4&Prime;][vc_icon icon_fontawesome=\u00a0\u00bbfa fa-arrows\u00a0\u00bb color=\u00a0\u00bbwhite\u00a0\u00bb background_style=\u00a0\u00bbrounded\u00a0\u00bb background_color=\u00a0\u00bbmulled_wine\u00a0\u00bb align=\u00a0\u00bbcenter\u00a0\u00bb][vc_column_text]<\/p>\n<h3 style=\"text-align: center;\"><span style=\"color: #483648;\">PESTEL<\/span><\/h3>\n<p>[\/vc_column_text][\/vc_column][vc_column width=\u00a0\u00bb1\/4&Prime;][vc_icon icon_fontawesome=\u00a0\u00bbfa fa-arrows-alt\u00a0\u00bb color=\u00a0\u00bbwhite\u00a0\u00bb background_style=\u00a0\u00bbrounded\u00a0\u00bb background_color=\u00a0\u00bbmulled_wine\u00a0\u00bb align=\u00a0\u00bbcenter\u00a0\u00bb][vc_column_text]<\/p>\n<h3 style=\"text-align: center;\"><span style=\"color: #483648;\">PORTER<\/span><\/h3>\n<p>[\/vc_column_text][\/vc_column][\/vc_row][vc_row][vc_column width=\u00a0\u00bb1\/4&Prime;][vc_icon icon_fontawesome=\u00a0\u00bbfa fa-map\u00a0\u00bb color=\u00a0\u00bbwhite\u00a0\u00bb background_style=\u00a0\u00bbrounded\u00a0\u00bb background_color=\u00a0\u00bbmulled_wine\u00a0\u00bb align=\u00a0\u00bbcenter\u00a0\u00bb][vc_column_text]<\/p>\n<h3 style=\"text-align: center;\"><span style=\"color: #483648;\">Carte concurrentielle<\/span><\/h3>\n<p>[\/vc_column_text][\/vc_column][vc_column width=\u00a0\u00bb1\/4&Prime;][vc_icon icon_fontawesome=\u00a0\u00bbfa fa-map-marker\u00a0\u00bb color=\u00a0\u00bbwhite\u00a0\u00bb background_style=\u00a0\u00bbrounded\u00a0\u00bb background_color=\u00a0\u00bbmulled_wine\u00a0\u00bb align=\u00a0\u00bbcenter\u00a0\u00bb][vc_column_text]<\/p>\n<h3 style=\"text-align: center;\"><span style=\"color: #483648;\">Carte de positionnement<\/span><\/h3>\n<p>[\/vc_column_text][\/vc_column][vc_column width=\u00a0\u00bb1\/4&Prime;][vc_icon icon_fontawesome=\u00a0\u00bbfa fa-line-chart\u00a0\u00bb color=\u00a0\u00bbwhite\u00a0\u00bb background_style=\u00a0\u00bbrounded\u00a0\u00bb background_color=\u00a0\u00bbmulled_wine\u00a0\u00bb align=\u00a0\u00bbcenter\u00a0\u00bb][vc_column_text]<\/p>\n<h3 style=\"text-align: center;\"><span style=\"color: #483648;\">ROI \/ mesure de rentabilit\u00e9<\/span><\/h3>\n<p>[\/vc_column_text][\/vc_column][vc_column width=\u00a0\u00bb1\/4&Prime;][vc_icon icon_fontawesome=\u00a0\u00bbfa fa-binoculars\u00a0\u00bb color=\u00a0\u00bbwhite\u00a0\u00bb background_style=\u00a0\u00bbrounded\u00a0\u00bb background_color=\u00a0\u00bbmulled_wine\u00a0\u00bb align=\u00a0\u00bbcenter\u00a0\u00bb][vc_column_text]<\/p>\n<h3 style=\"text-align: center;\"><span style=\"color: #483648;\">Veille <\/span><\/h3>\n<p style=\"text-align: center;\">(Scoop it, alerte google \u2026)<\/p>\n<p>[\/vc_column_text][\/vc_column][\/vc_row][vc_row full_width=\u00a0\u00bbstretch_row\u00a0\u00bb css=\u00a0\u00bb.vc_custom_1471880291972{padding-top: 20px !important;background-color: #837780 !important;}\u00a0\u00bb][vc_column][vc_custom_heading text=\u00a0\u00bbDe la strat\u00e9gie au d\u00e9ploiement du plan d\u2019actions\u00a0\u00bb font_container=\u00a0\u00bbtag:h2|text_align:center|color:%23483648&Prime; google_fonts=\u00a0\u00bbfont_family:Droid%20Serif%3Aregular%2Citalic%2C700%2C700italic|font_style:400%20regular%3A400%3Anormal\u00a0\u00bb][vc_column_text el_class=\u00a0\u00bb.lienViolet\u00a0\u00bb]<\/p>\n<h3 class=\"Corps\" style=\"text-align: center;\"><span style=\"color: #ffffff;\">Votre entreprise est cr\u00e9\u00e9e, votre offre lanc\u00e9e, une grande \u00e9tape est franchie.<\/span><\/h3>\n<p class=\"Corps\" style=\"text-align: center;\"><span style=\"color: #ffffff;\">Avec nos partenaires, l\u2019agence de cr\u00e9ation graphique et web design <a href=\"http:\/\/www.isaq.fr\" target=\"_blank\" rel=\"noopener\">Isaq<\/a> et l\u2019agence conseil en r\u00e9daction <a href=\"http:\/\/www.redactevent.fr\" target=\"_blank\" rel=\"noopener\">Redactevent<\/a>, nous vous proposons un accompagnement au long cours, adapt\u00e9 \u00e0 votre organisation, pour faire cro\u00eetre et p\u00e9renniser votre entreprise.<\/span><\/p>\n<p>[\/vc_column_text][\/vc_column][\/vc_row][vc_row full_width=\u00a0\u00bbstretch_row\u00a0\u00bb css=\u00a0\u00bb.vc_custom_1473152876608{padding-top: 20px !important;background-color: #ffffff !important;}\u00a0\u00bb][vc_column css=\u00a0\u00bb.vc_custom_1473152827819{background-color: #ffffff !important;}\u00a0\u00bb][\/vc_column][\/vc_row]<\/p>\n","protected":false},"excerpt":{"rendered":"<p>Neata aide les cr\u00e9ateurs \u00e0 construire un projet d\u2019entreprise abouti et pertinent, en phase avec leurs envies et avec les potentialit\u00e9s du march\u00e9.<\/p>\n<p>Cr\u00e9er une entreprise aujourd\u2019hui, c\u2019est assez simple et rapide. La d\u00e9velopper, la faire fructifier l\u2019est beaucoup moins ! Pour p\u00e9renniser son entreprise, il est important de partir sur de bonnes bases. Trouver un positionnement diff\u00e9renciant et vendeur, bien s\u00fbr, mais aussi \u00eatre visible et donner envie.<\/p>\n","protected":false},"author":1,"featured_media":0,"parent":0,"menu_order":0,"comment_status":"closed","ping_status":"closed","template":"","meta":{"_acf_changed":false,"_exactmetrics_skip_tracking":false,"_exactmetrics_sitenote_active":false,"_exactmetrics_sitenote_note":"","_exactmetrics_sitenote_category":0,"_monsterinsights_skip_tracking":false,"_monsterinsights_sitenote_active":false,"_monsterinsights_sitenote_note":"","_monsterinsights_sitenote_category":0,"footnotes":""},"class_list":["post-1035","page","type-page","status-publish","hentry"],"acf":[],"yoast_head":"<!-- This site is optimized with the Yoast SEO plugin v26.8 - https:\/\/yoast.com\/product\/yoast-seo-wordpress\/ -->\n<title>Strat\u00e9gie marketing et digitale marketing pour les cr\u00e9ateurs<\/title>\n<meta name=\"description\" content=\"Neata favorise la r\u00e9ussite des entreprises en cr\u00e9ation par l\u2019\u00e9laboration d\u2019une strat\u00e9gie marketing &amp; digitale marketing en phase avec le march\u00e9 &amp; les attentes clients.\" \/>\n<meta name=\"robots\" content=\"index, follow, max-snippet:-1, max-image-preview:large, max-video-preview:-1\" \/>\n<link rel=\"canonical\" href=\"https:\/\/www.neata.fr\/index.php\/accompagnement-createur\/\" \/>\n<meta property=\"og:locale\" content=\"fr_FR\" \/>\n<meta property=\"og:type\" content=\"article\" \/>\n<meta property=\"og:title\" content=\"Strat\u00e9gie marketing et digitale marketing pour les cr\u00e9ateurs\" \/>\n<meta property=\"og:description\" content=\"Neata favorise la r\u00e9ussite des entreprises en cr\u00e9ation par l\u2019\u00e9laboration d\u2019une strat\u00e9gie marketing &amp; digitale marketing en phase avec le march\u00e9 &amp; les attentes clients.\" \/>\n<meta property=\"og:url\" content=\"https:\/\/www.neata.fr\/index.php\/accompagnement-createur\/\" \/>\n<meta property=\"og:site_name\" content=\"NEATA\" \/>\n<meta property=\"article:modified_time\" content=\"2019-01-21T17:54:53+00:00\" \/>\n<meta name=\"twitter:label1\" content=\"Dur\u00e9e de lecture estim\u00e9e\" \/>\n\t<meta name=\"twitter:data1\" content=\"5 minutes\" \/>\n<script type=\"application\/ld+json\" class=\"yoast-schema-graph\">{\"@context\":\"https:\/\/schema.org\",\"@graph\":[{\"@type\":\"WebPage\",\"@id\":\"https:\/\/www.neata.fr\/index.php\/accompagnement-createur\/\",\"url\":\"https:\/\/www.neata.fr\/index.php\/accompagnement-createur\/\",\"name\":\"Strat\u00e9gie marketing et digitale marketing pour les cr\u00e9ateurs\",\"isPartOf\":{\"@id\":\"https:\/\/www.neata.fr\/#website\"},\"datePublished\":\"2016-06-19T20:23:20+00:00\",\"dateModified\":\"2019-01-21T17:54:53+00:00\",\"description\":\"Neata favorise la r\u00e9ussite des entreprises en cr\u00e9ation par l\u2019\u00e9laboration d\u2019une strat\u00e9gie marketing & digitale marketing en phase avec le march\u00e9 & les attentes clients.\",\"breadcrumb\":{\"@id\":\"https:\/\/www.neata.fr\/index.php\/accompagnement-createur\/#breadcrumb\"},\"inLanguage\":\"fr-FR\",\"potentialAction\":[{\"@type\":\"ReadAction\",\"target\":[\"https:\/\/www.neata.fr\/index.php\/accompagnement-createur\/\"]}]},{\"@type\":\"BreadcrumbList\",\"@id\":\"https:\/\/www.neata.fr\/index.php\/accompagnement-createur\/#breadcrumb\",\"itemListElement\":[{\"@type\":\"ListItem\",\"position\":1,\"name\":\"Accueil\",\"item\":\"https:\/\/www.neata.fr\/\"},{\"@type\":\"ListItem\",\"position\":2,\"name\":\"Accompagnement Cr\u00e9ateurs\"}]},{\"@type\":\"WebSite\",\"@id\":\"https:\/\/www.neata.fr\/#website\",\"url\":\"https:\/\/www.neata.fr\/\",\"name\":\"NEATA\",\"description\":\"Un marketing de valeurs\",\"potentialAction\":[{\"@type\":\"SearchAction\",\"target\":{\"@type\":\"EntryPoint\",\"urlTemplate\":\"https:\/\/www.neata.fr\/?s={search_term_string}\"},\"query-input\":{\"@type\":\"PropertyValueSpecification\",\"valueRequired\":true,\"valueName\":\"search_term_string\"}}],\"inLanguage\":\"fr-FR\"}]}<\/script>\n<!-- \/ Yoast SEO plugin. -->","yoast_head_json":{"title":"Strat\u00e9gie marketing et digitale marketing pour les cr\u00e9ateurs","description":"Neata favorise la r\u00e9ussite des entreprises en cr\u00e9ation par l\u2019\u00e9laboration d\u2019une strat\u00e9gie marketing & digitale marketing en phase avec le march\u00e9 & les attentes clients.","robots":{"index":"index","follow":"follow","max-snippet":"max-snippet:-1","max-image-preview":"max-image-preview:large","max-video-preview":"max-video-preview:-1"},"canonical":"https:\/\/www.neata.fr\/index.php\/accompagnement-createur\/","og_locale":"fr_FR","og_type":"article","og_title":"Strat\u00e9gie marketing et digitale marketing pour les cr\u00e9ateurs","og_description":"Neata favorise la r\u00e9ussite des entreprises en cr\u00e9ation par l\u2019\u00e9laboration d\u2019une strat\u00e9gie marketing & digitale marketing en phase avec le march\u00e9 & les attentes clients.","og_url":"https:\/\/www.neata.fr\/index.php\/accompagnement-createur\/","og_site_name":"NEATA","article_modified_time":"2019-01-21T17:54:53+00:00","twitter_misc":{"Dur\u00e9e de lecture estim\u00e9e":"5 minutes"},"schema":{"@context":"https:\/\/schema.org","@graph":[{"@type":"WebPage","@id":"https:\/\/www.neata.fr\/index.php\/accompagnement-createur\/","url":"https:\/\/www.neata.fr\/index.php\/accompagnement-createur\/","name":"Strat\u00e9gie marketing et digitale marketing pour les cr\u00e9ateurs","isPartOf":{"@id":"https:\/\/www.neata.fr\/#website"},"datePublished":"2016-06-19T20:23:20+00:00","dateModified":"2019-01-21T17:54:53+00:00","description":"Neata favorise la r\u00e9ussite des entreprises en cr\u00e9ation par l\u2019\u00e9laboration d\u2019une strat\u00e9gie marketing & digitale marketing en phase avec le march\u00e9 & les attentes clients.","breadcrumb":{"@id":"https:\/\/www.neata.fr\/index.php\/accompagnement-createur\/#breadcrumb"},"inLanguage":"fr-FR","potentialAction":[{"@type":"ReadAction","target":["https:\/\/www.neata.fr\/index.php\/accompagnement-createur\/"]}]},{"@type":"BreadcrumbList","@id":"https:\/\/www.neata.fr\/index.php\/accompagnement-createur\/#breadcrumb","itemListElement":[{"@type":"ListItem","position":1,"name":"Accueil","item":"https:\/\/www.neata.fr\/"},{"@type":"ListItem","position":2,"name":"Accompagnement Cr\u00e9ateurs"}]},{"@type":"WebSite","@id":"https:\/\/www.neata.fr\/#website","url":"https:\/\/www.neata.fr\/","name":"NEATA","description":"Un marketing de valeurs","potentialAction":[{"@type":"SearchAction","target":{"@type":"EntryPoint","urlTemplate":"https:\/\/www.neata.fr\/?s={search_term_string}"},"query-input":{"@type":"PropertyValueSpecification","valueRequired":true,"valueName":"search_term_string"}}],"inLanguage":"fr-FR"}]}},"_links":{"self":[{"href":"https:\/\/www.neata.fr\/index.php\/wp-json\/wp\/v2\/pages\/1035","targetHints":{"allow":["GET"]}}],"collection":[{"href":"https:\/\/www.neata.fr\/index.php\/wp-json\/wp\/v2\/pages"}],"about":[{"href":"https:\/\/www.neata.fr\/index.php\/wp-json\/wp\/v2\/types\/page"}],"author":[{"embeddable":true,"href":"https:\/\/www.neata.fr\/index.php\/wp-json\/wp\/v2\/users\/1"}],"replies":[{"embeddable":true,"href":"https:\/\/www.neata.fr\/index.php\/wp-json\/wp\/v2\/comments?post=1035"}],"version-history":[{"count":65,"href":"https:\/\/www.neata.fr\/index.php\/wp-json\/wp\/v2\/pages\/1035\/revisions"}],"predecessor-version":[{"id":2929,"href":"https:\/\/www.neata.fr\/index.php\/wp-json\/wp\/v2\/pages\/1035\/revisions\/2929"}],"wp:attachment":[{"href":"https:\/\/www.neata.fr\/index.php\/wp-json\/wp\/v2\/media?parent=1035"}],"curies":[{"name":"wp","href":"https:\/\/api.w.org\/{rel}","templated":true}]}}