{"id":1109,"date":"2016-06-29T16:02:52","date_gmt":"2016-06-29T14:02:52","guid":{"rendered":"https:\/\/www.neata.fr\/?page_id=1109"},"modified":"2018-02-05T14:41:34","modified_gmt":"2018-02-05T12:41:34","slug":"nos-realisations","status":"publish","type":"page","link":"https:\/\/www.neata.fr\/index.php\/nos-realisations\/","title":{"rendered":"R\u00e9alisations"},"content":{"rendered":"<p>[vc_row][vc_column][vc_column_text]<span class=\"\">Dans un monde en pleine mutation, des entreprises font le choix d\u2019une d\u00e9marche nouvelle\u00a0: certes elles doivent tenir compte des r\u00e9alit\u00e9s \u00e9conomiques, s\u2019adapter, \u00e9voluer en permanence pour \u00eatre et demeurer comp\u00e9titives. Mais elles ont aussi \u00e0 c\u0153ur de d\u00e9fendre des valeurs qui leur sont ch\u00e8res, et qui correspondent \u00e0 une attente forte de nombreux consommateurs.<\/span>[\/vc_column_text][\/vc_column][\/vc_row][vc_row css=\u00a0\u00bb.vc_custom_1438341755684{margin-bottom: 80px !important;}\u00a0\u00bb][vc_column]\r\n\t\t<div class=\"row portfolio-filter\">\r\n\t\t<div class=\"col-md-12\">\r\n\t\t<a class=\"filter\" data-filter=\"all\">All<\/a>\r\n\t\t<a class=\"filter\" data-filter=\".marketing\">Accompagnement cr\u00e9ateurs<\/a> <a class=\"filter\" data-filter=\".marketing-mixt\">Evolution strat\u00e9gique<\/a>  \r\n\t\t\t\t<\/div>\r\n\t<\/div>\r\n\t\r\n\t<div class=\"portfolio-list portfolio-columns-4 portfolio-grid-layout-5  portfolio-with-spaces clearfix\" id=\"portfolio-list\">\r\n\r\n\t\t<div class=\"portfolio-item-block portfolio-item-animation-4 mix marketing\" data-item=\"1\" data-name=\"Spa \u00catre et Mieux-\u00catre\">\r\n\t<div class=\"portfolio-item-block-inside\">\r\n\t  <a href=\"https:\/\/www.neata.fr\/index.php\/portfolio-item\/lhistoire-de-etre-mieux-etre\/\" target=\"_self\">\r\n\t    <div class=\"portfolio-item-image\" data-style=\"background-image: url(https:\/\/www.neata.fr\/site\/wp-content\/uploads\/2016\/09\/spa.jpg);\"><\/div>\r\n\t    <div class=\"portfolio-item-bg\"><\/div>\r\n\t    <div class=\"info\">\r\n\t      <span class=\"sub-title\">Accompagnement cr\u00e9ateurs<\/span>\r\n\t      <h4 class=\"title\">Spa \u00catre et Mieux-\u00catre<\/h4>\r\n\t    <\/div>\r\n\t  <\/a>\r\n\t<\/div>\r\n\t<\/div>\r\n\t\t<div class=\"portfolio-item-block portfolio-item-animation-4 mix marketing-mixt\" data-item=\"2\" data-name=\"Universit\u00e9 Paris-Dauphine\">\r\n\t<div class=\"portfolio-item-block-inside\">\r\n\t  <a href=\"https:\/\/www.neata.fr\/index.php\/portfolio-item\/universite-paris-dauphine\/\" target=\"_self\">\r\n\t    <div class=\"portfolio-item-image\" data-style=\"background-image: url(https:\/\/www.neata.fr\/site\/wp-content\/uploads\/2016\/07\/university-105709_640.jpg);\"><\/div>\r\n\t    <div class=\"portfolio-item-bg\"><\/div>\r\n\t    <div class=\"info\">\r\n\t      <span class=\"sub-title\">Evolution strat\u00e9gique<\/span>\r\n\t      <h4 class=\"title\">Universit\u00e9 Paris-Dauphine<\/h4>\r\n\t    <\/div>\r\n\t  <\/a>\r\n\t<\/div>\r\n\t<\/div>\r\n\t\t<div class=\"portfolio-item-block portfolio-item-animation-4 mix marketing-mixt\" data-item=\"3\" data-name=\"Stefani Traiteur\">\r\n\t<div class=\"portfolio-item-block-inside\">\r\n\t  <a href=\"https:\/\/www.neata.fr\/index.php\/portfolio-item\/stefani-traiteur\/\" target=\"_self\">\r\n\t    <div class=\"portfolio-item-image\" data-style=\"background-image: url(https:\/\/www.neata.fr\/site\/wp-content\/uploads\/2016\/07\/penichebufjardin3_012014-1280x800.jpg);\"><\/div>\r\n\t    <div class=\"portfolio-item-bg\"><\/div>\r\n\t    <div class=\"info\">\r\n\t      <span class=\"sub-title\">Evolution strat\u00e9gique<\/span>\r\n\t      <h4 class=\"title\">Stefani Traiteur<\/h4>\r\n\t    <\/div>\r\n\t  <\/a>\r\n\t<\/div>\r\n\t<\/div>\r\n\t\t<div class=\"portfolio-item-block portfolio-item-animation-4 mix marketing\" data-item=\"1\" data-name=\"Anne Cr\u00e9a Conseil\">\r\n\t<div class=\"portfolio-item-block-inside\">\r\n\t  <a href=\"https:\/\/www.neata.fr\/index.php\/portfolio-item\/anne-crea-conseil\/\" target=\"_self\">\r\n\t    <div class=\"portfolio-item-image\" data-style=\"background-image: url(https:\/\/www.neata.fr\/site\/wp-content\/uploads\/2016\/09\/BandeauAnneCreaConseils4-1-1-1600x400.jpg);\"><\/div>\r\n\t    <div class=\"portfolio-item-bg\"><\/div>\r\n\t    <div class=\"info\">\r\n\t      <span class=\"sub-title\">Accompagnement cr\u00e9ateurs<\/span>\r\n\t      <h4 class=\"title\">Anne Cr\u00e9a Conseil<\/h4>\r\n\t    <\/div>\r\n\t  <\/a>\r\n\t<\/div>\r\n\t<\/div>\r\n\t\t<div class=\"portfolio-item-block portfolio-item-animation-4 mix marketing-mixt\" data-item=\"2\" data-name=\"L\u2019Union R\u00e9gionale des Scop de Poitou Charentes\">\r\n\t<div class=\"portfolio-item-block-inside\">\r\n\t  <a href=\"https:\/\/www.neata.fr\/index.php\/portfolio-item\/lunion-regionale-scop-de-poitou-charentes\/\" target=\"_self\">\r\n\t    <div class=\"portfolio-item-image\" data-style=\"background-image: url(https:\/\/www.neata.fr\/site\/wp-content\/uploads\/2016\/07\/workplace-1245776_1920-1600x800.jpg);\"><\/div>\r\n\t    <div class=\"portfolio-item-bg\"><\/div>\r\n\t    <div class=\"info\">\r\n\t      <span class=\"sub-title\">Evolution strat\u00e9gique<\/span>\r\n\t      <h4 class=\"title\">L\u2019Union R\u00e9gionale des Scop de Poitou Charentes<\/h4>\r\n\t    <\/div>\r\n\t  <\/a>\r\n\t<\/div>\r\n\t<\/div>\r\n\t\t<div class=\"portfolio-item-block portfolio-item-animation-4 mix marketing-mixt\" data-item=\"3\" data-name=\"Micromega\">\r\n\t<div class=\"portfolio-item-block-inside\">\r\n\t  <a href=\"https:\/\/www.neata.fr\/index.php\/portfolio-item\/micromega\/\" target=\"_self\">\r\n\t    <div class=\"portfolio-item-image\" data-style=\"background-image: url(https:\/\/www.neata.fr\/site\/wp-content\/uploads\/2016\/09\/3-05-2012-micromega-photo-salon-de-Munich_recadr\u00e9.jpg);\"><\/div>\r\n\t    <div class=\"portfolio-item-bg\"><\/div>\r\n\t    <div class=\"info\">\r\n\t      <span class=\"sub-title\">Evolution strat\u00e9gique<\/span>\r\n\t      <h4 class=\"title\">Micromega<\/h4>\r\n\t    <\/div>\r\n\t  <\/a>\r\n\t<\/div>\r\n\t<\/div>\r\n\t\t<div class=\"portfolio-item-block portfolio-item-animation-4 mix marketing-mixt\" data-item=\"1\" data-name=\"Terra Originalis\">\r\n\t<div class=\"portfolio-item-block-inside\">\r\n\t  <a href=\"https:\/\/www.neata.fr\/index.php\/portfolio-item\/terra-originalis\/\" target=\"_self\">\r\n\t    <div class=\"portfolio-item-image\" data-style=\"background-image: url(https:\/\/www.neata.fr\/site\/wp-content\/uploads\/2016\/09\/K-enduit-terre-jaune.jpg);\"><\/div>\r\n\t    <div class=\"portfolio-item-bg\"><\/div>\r\n\t    <div class=\"info\">\r\n\t      <span class=\"sub-title\">Evolution strat\u00e9gique<\/span>\r\n\t      <h4 class=\"title\">Terra Originalis<\/h4>\r\n\t    <\/div>\r\n\t  <\/a>\r\n\t<\/div>\r\n\t<\/div>\r\n\t\t<div class=\"portfolio-item-block portfolio-item-animation-4 mix marketing\" data-item=\"2\" data-name=\"Le Pont Cr\u00e9atif\">\r\n\t<div class=\"portfolio-item-block-inside\">\r\n\t  <a href=\"https:\/\/www.neata.fr\/index.php\/portfolio-item\/le-pont-creatif\/\" target=\"_self\">\r\n\t    <div class=\"portfolio-item-image\" data-style=\"background-image: url(https:\/\/www.neata.fr\/site\/wp-content\/uploads\/2016\/09\/GUEPE-APENS-600.jpg);\"><\/div>\r\n\t    <div class=\"portfolio-item-bg\"><\/div>\r\n\t    <div class=\"info\">\r\n\t      <span class=\"sub-title\">Accompagnement cr\u00e9ateurs<\/span>\r\n\t      <h4 class=\"title\">Le Pont Cr\u00e9atif<\/h4>\r\n\t    <\/div>\r\n\t  <\/a>\r\n\t<\/div>\r\n\t<\/div>\r\n\t\t         \r\n\t\r\n\t<\/div>\r\n\r\n\r\n<script>(function($){\r\n\t    $(document).ready(function() {\r\n\r\n\t\t    $(\"#portfolio-list\").mixItUp({effects:[\"fade\",\"scale\"],easing:\"snap\"});\r\n\r\n\t    });})(jQuery);<\/script>[\/vc_column][\/vc_row]<\/p>\n","protected":false},"excerpt":{"rendered":"<p>Dans un monde en pleine mutation, des entreprises font le choix d\u2019une d\u00e9marche nouvelle : certes elles doivent tenir compte des r\u00e9alit\u00e9s \u00e9conomiques, s\u2019adapter, \u00e9voluer en permanence pour \u00eatre et demeurer comp\u00e9titives. Mais elles ont aussi \u00e0 c\u0153ur de d\u00e9fendre des valeurs qui leur sont ch\u00e8res, et qui correspondent \u00e0 une attente forte de nombreux consommateurs.<\/p>\n","protected":false},"author":1,"featured_media":2726,"parent":0,"menu_order":0,"comment_status":"closed","ping_status":"closed","template":"","meta":{"_acf_changed":false,"_exactmetrics_skip_tracking":false,"_exactmetrics_sitenote_active":false,"_exactmetrics_sitenote_note":"","_exactmetrics_sitenote_category":0,"_monsterinsights_skip_tracking":false,"_monsterinsights_sitenote_active":false,"_monsterinsights_sitenote_note":"","_monsterinsights_sitenote_category":0,"footnotes":""},"class_list":["post-1109","page","type-page","status-publish","has-post-thumbnail","hentry"],"acf":[],"yoast_head":"<!-- This site is optimized with the Yoast SEO plugin v26.8 - https:\/\/yoast.com\/product\/yoast-seo-wordpress\/ -->\n<title>R\u00e9alisations Neata, un travail sur le marketing respectueux<\/title>\n<meta name=\"description\" content=\"Dans un monde en pleine mutation, des entreprises font le choix d\u2019une d\u00e9marche nouvelle\u00a0: tout en tenant compte des r\u00e9alit\u00e9s \u00e9conomiques, elles ont aussi \u00e0 c\u0153ur de d\u00e9fendre des valeurs qui leur sont ch\u00e8res, et qui correspondent \u00e0 une attente forte de nombreux consommateurs.\" \/>\n<meta name=\"robots\" content=\"index, follow, max-snippet:-1, max-image-preview:large, max-video-preview:-1\" \/>\n<link rel=\"canonical\" href=\"https:\/\/www.neata.fr\/index.php\/nos-realisations\/\" \/>\n<meta property=\"og:locale\" content=\"fr_FR\" \/>\n<meta property=\"og:type\" content=\"article\" \/>\n<meta property=\"og:title\" content=\"R\u00e9alisations Neata, un travail sur le marketing respectueux\" \/>\n<meta property=\"og:description\" content=\"Dans un monde en pleine mutation, des entreprises font le choix d\u2019une d\u00e9marche nouvelle\u00a0: tout en tenant compte des r\u00e9alit\u00e9s \u00e9conomiques, elles ont aussi \u00e0 c\u0153ur de d\u00e9fendre des valeurs qui leur sont ch\u00e8res, et qui correspondent \u00e0 une attente forte de nombreux consommateurs.\" \/>\n<meta property=\"og:url\" content=\"https:\/\/www.neata.fr\/index.php\/nos-realisations\/\" \/>\n<meta property=\"og:site_name\" content=\"NEATA\" \/>\n<meta property=\"article:modified_time\" content=\"2018-02-05T12:41:34+00:00\" \/>\n<meta property=\"og:image\" content=\"https:\/\/www.neata.fr\/site\/wp-content\/uploads\/2016\/09\/BandeauAnneCreaConseils4-1-1.jpg\" \/>\n\t<meta property=\"og:image:width\" content=\"1870\" \/>\n\t<meta property=\"og:image:height\" content=\"400\" \/>\n\t<meta property=\"og:image:type\" content=\"image\/jpeg\" \/>\n<script type=\"application\/ld+json\" class=\"yoast-schema-graph\">{\"@context\":\"https:\/\/schema.org\",\"@graph\":[{\"@type\":\"WebPage\",\"@id\":\"https:\/\/www.neata.fr\/index.php\/nos-realisations\/\",\"url\":\"https:\/\/www.neata.fr\/index.php\/nos-realisations\/\",\"name\":\"R\u00e9alisations Neata, un travail sur le marketing respectueux\",\"isPartOf\":{\"@id\":\"https:\/\/www.neata.fr\/#website\"},\"primaryImageOfPage\":{\"@id\":\"https:\/\/www.neata.fr\/index.php\/nos-realisations\/#primaryimage\"},\"image\":{\"@id\":\"https:\/\/www.neata.fr\/index.php\/nos-realisations\/#primaryimage\"},\"thumbnailUrl\":\"https:\/\/www.neata.fr\/site\/wp-content\/uploads\/2016\/09\/BandeauAnneCreaConseils4-1-1.jpg\",\"datePublished\":\"2016-06-29T14:02:52+00:00\",\"dateModified\":\"2018-02-05T12:41:34+00:00\",\"description\":\"Dans un monde en pleine mutation, des entreprises font le choix d\u2019une d\u00e9marche nouvelle\u00a0: tout en tenant compte des r\u00e9alit\u00e9s \u00e9conomiques, elles ont aussi \u00e0 c\u0153ur de d\u00e9fendre des valeurs qui leur sont ch\u00e8res, et qui correspondent \u00e0 une attente forte de nombreux consommateurs.\",\"breadcrumb\":{\"@id\":\"https:\/\/www.neata.fr\/index.php\/nos-realisations\/#breadcrumb\"},\"inLanguage\":\"fr-FR\",\"potentialAction\":[{\"@type\":\"ReadAction\",\"target\":[\"https:\/\/www.neata.fr\/index.php\/nos-realisations\/\"]}]},{\"@type\":\"ImageObject\",\"inLanguage\":\"fr-FR\",\"@id\":\"https:\/\/www.neata.fr\/index.php\/nos-realisations\/#primaryimage\",\"url\":\"https:\/\/www.neata.fr\/site\/wp-content\/uploads\/2016\/09\/BandeauAnneCreaConseils4-1-1.jpg\",\"contentUrl\":\"https:\/\/www.neata.fr\/site\/wp-content\/uploads\/2016\/09\/BandeauAnneCreaConseils4-1-1.jpg\",\"width\":1870,\"height\":400,\"caption\":\"Accompagnement cr\u00e9ateurs Annce Cr\u00e9a Conseils Mati\u00e8re\"},{\"@type\":\"BreadcrumbList\",\"@id\":\"https:\/\/www.neata.fr\/index.php\/nos-realisations\/#breadcrumb\",\"itemListElement\":[{\"@type\":\"ListItem\",\"position\":1,\"name\":\"Accueil\",\"item\":\"https:\/\/www.neata.fr\/\"},{\"@type\":\"ListItem\",\"position\":2,\"name\":\"R\u00e9alisations\"}]},{\"@type\":\"WebSite\",\"@id\":\"https:\/\/www.neata.fr\/#website\",\"url\":\"https:\/\/www.neata.fr\/\",\"name\":\"NEATA\",\"description\":\"Un marketing de valeurs\",\"potentialAction\":[{\"@type\":\"SearchAction\",\"target\":{\"@type\":\"EntryPoint\",\"urlTemplate\":\"https:\/\/www.neata.fr\/?s={search_term_string}\"},\"query-input\":{\"@type\":\"PropertyValueSpecification\",\"valueRequired\":true,\"valueName\":\"search_term_string\"}}],\"inLanguage\":\"fr-FR\"}]}<\/script>\n<!-- \/ Yoast SEO plugin. -->","yoast_head_json":{"title":"R\u00e9alisations Neata, un travail sur le marketing respectueux","description":"Dans un monde en pleine mutation, des entreprises font le choix d\u2019une d\u00e9marche nouvelle\u00a0: tout en tenant compte des r\u00e9alit\u00e9s \u00e9conomiques, elles ont aussi \u00e0 c\u0153ur de d\u00e9fendre des valeurs qui leur sont ch\u00e8res, et qui correspondent \u00e0 une attente forte de nombreux consommateurs.","robots":{"index":"index","follow":"follow","max-snippet":"max-snippet:-1","max-image-preview":"max-image-preview:large","max-video-preview":"max-video-preview:-1"},"canonical":"https:\/\/www.neata.fr\/index.php\/nos-realisations\/","og_locale":"fr_FR","og_type":"article","og_title":"R\u00e9alisations Neata, un travail sur le marketing respectueux","og_description":"Dans un monde en pleine mutation, des entreprises font le choix d\u2019une d\u00e9marche nouvelle\u00a0: tout en tenant compte des r\u00e9alit\u00e9s \u00e9conomiques, elles ont aussi \u00e0 c\u0153ur de d\u00e9fendre des valeurs qui leur sont ch\u00e8res, et qui correspondent \u00e0 une attente forte de nombreux consommateurs.","og_url":"https:\/\/www.neata.fr\/index.php\/nos-realisations\/","og_site_name":"NEATA","article_modified_time":"2018-02-05T12:41:34+00:00","og_image":[{"width":1870,"height":400,"url":"https:\/\/www.neata.fr\/site\/wp-content\/uploads\/2016\/09\/BandeauAnneCreaConseils4-1-1.jpg","type":"image\/jpeg"}],"schema":{"@context":"https:\/\/schema.org","@graph":[{"@type":"WebPage","@id":"https:\/\/www.neata.fr\/index.php\/nos-realisations\/","url":"https:\/\/www.neata.fr\/index.php\/nos-realisations\/","name":"R\u00e9alisations Neata, un travail sur le marketing respectueux","isPartOf":{"@id":"https:\/\/www.neata.fr\/#website"},"primaryImageOfPage":{"@id":"https:\/\/www.neata.fr\/index.php\/nos-realisations\/#primaryimage"},"image":{"@id":"https:\/\/www.neata.fr\/index.php\/nos-realisations\/#primaryimage"},"thumbnailUrl":"https:\/\/www.neata.fr\/site\/wp-content\/uploads\/2016\/09\/BandeauAnneCreaConseils4-1-1.jpg","datePublished":"2016-06-29T14:02:52+00:00","dateModified":"2018-02-05T12:41:34+00:00","description":"Dans un monde en pleine mutation, des entreprises font le choix d\u2019une d\u00e9marche nouvelle\u00a0: tout en tenant compte des r\u00e9alit\u00e9s \u00e9conomiques, elles ont aussi \u00e0 c\u0153ur de d\u00e9fendre des valeurs qui leur sont ch\u00e8res, et qui correspondent \u00e0 une attente forte de nombreux consommateurs.","breadcrumb":{"@id":"https:\/\/www.neata.fr\/index.php\/nos-realisations\/#breadcrumb"},"inLanguage":"fr-FR","potentialAction":[{"@type":"ReadAction","target":["https:\/\/www.neata.fr\/index.php\/nos-realisations\/"]}]},{"@type":"ImageObject","inLanguage":"fr-FR","@id":"https:\/\/www.neata.fr\/index.php\/nos-realisations\/#primaryimage","url":"https:\/\/www.neata.fr\/site\/wp-content\/uploads\/2016\/09\/BandeauAnneCreaConseils4-1-1.jpg","contentUrl":"https:\/\/www.neata.fr\/site\/wp-content\/uploads\/2016\/09\/BandeauAnneCreaConseils4-1-1.jpg","width":1870,"height":400,"caption":"Accompagnement cr\u00e9ateurs Annce Cr\u00e9a Conseils Mati\u00e8re"},{"@type":"BreadcrumbList","@id":"https:\/\/www.neata.fr\/index.php\/nos-realisations\/#breadcrumb","itemListElement":[{"@type":"ListItem","position":1,"name":"Accueil","item":"https:\/\/www.neata.fr\/"},{"@type":"ListItem","position":2,"name":"R\u00e9alisations"}]},{"@type":"WebSite","@id":"https:\/\/www.neata.fr\/#website","url":"https:\/\/www.neata.fr\/","name":"NEATA","description":"Un marketing de valeurs","potentialAction":[{"@type":"SearchAction","target":{"@type":"EntryPoint","urlTemplate":"https:\/\/www.neata.fr\/?s={search_term_string}"},"query-input":{"@type":"PropertyValueSpecification","valueRequired":true,"valueName":"search_term_string"}}],"inLanguage":"fr-FR"}]}},"_links":{"self":[{"href":"https:\/\/www.neata.fr\/index.php\/wp-json\/wp\/v2\/pages\/1109","targetHints":{"allow":["GET"]}}],"collection":[{"href":"https:\/\/www.neata.fr\/index.php\/wp-json\/wp\/v2\/pages"}],"about":[{"href":"https:\/\/www.neata.fr\/index.php\/wp-json\/wp\/v2\/types\/page"}],"author":[{"embeddable":true,"href":"https:\/\/www.neata.fr\/index.php\/wp-json\/wp\/v2\/users\/1"}],"replies":[{"embeddable":true,"href":"https:\/\/www.neata.fr\/index.php\/wp-json\/wp\/v2\/comments?post=1109"}],"version-history":[{"count":30,"href":"https:\/\/www.neata.fr\/index.php\/wp-json\/wp\/v2\/pages\/1109\/revisions"}],"predecessor-version":[{"id":2763,"href":"https:\/\/www.neata.fr\/index.php\/wp-json\/wp\/v2\/pages\/1109\/revisions\/2763"}],"wp:featuredmedia":[{"embeddable":true,"href":"https:\/\/www.neata.fr\/index.php\/wp-json\/wp\/v2\/media\/2726"}],"wp:attachment":[{"href":"https:\/\/www.neata.fr\/index.php\/wp-json\/wp\/v2\/media?parent=1109"}],"curies":[{"name":"wp","href":"https:\/\/api.w.org\/{rel}","templated":true}]}}