{"id":2792,"date":"2016-09-26T14:27:36","date_gmt":"2016-09-26T12:27:36","guid":{"rendered":"https:\/\/www.neata.fr\/?page_id=2792"},"modified":"2018-04-27T11:04:27","modified_gmt":"2018-04-27T09:04:27","slug":"mentions-legales","status":"publish","type":"page","link":"https:\/\/www.neata.fr\/index.php\/mentions-legales\/","title":{"rendered":"Mentions l\u00e9gales"},"content":{"rendered":"<div class=\"container main-content no-sidebar\">\n<div class=\"row\">\n<div class=\"col-md-12 main\">\n<div class=\"page-detail content\">\n<div class=\"page-detail-inner\">\n<p>(r\u00e9glement\u00e9es par la Loi n\u00b0 2004-575 du 21 juin 2004 pour la confiance dans l\u2019\u00e9conomie num\u00e9rique)<\/p>\n<h2>\u00c9dition<\/h2>\n<p><strong>Neata : <\/strong>SASU Soci\u00e9t\u00e9 par actions simplifi\u00e9e \u00e0 associ\u00e9 unique<br \/>\n<strong>N\u00b0 Siret :<\/strong> 79 840 772 200 015<br \/>\n<strong>Si\u00e8ge social : <\/strong>38 voie Com Port sud &#8211; Hameau de la Caravelle &#8211; 91650 BREUILLET<br \/>\n<strong>Responsable de publication :<\/strong> L\u00e9na\u00efg VANDENDYCK<\/p>\n<h2>Marques \u2013 Propri\u00e9t\u00e9 intellectuelle<\/h2>\n<p>Tous les noms et marques de produits ou autres marques cit\u00e9es dans ce site sont d\u00e9pos\u00e9es par leurs propri\u00e9taires respectifs. Les sources mentionn\u00e9es conservent leurs droits. Tous les textes, photos, vid\u00e9os, images, dessins, s\u00e9quences anim\u00e9es et toutes \u0153uvres consultables sur ce site sont prot\u00e9g\u00e9s par des droits d\u2019auteur. Toute reproduction, m\u00eame partielle, doit faire l\u2019objet d\u2019une demande au responsable de la publication ou au webmaster.<\/p>\n<h2>Dysfonctionnement \u2013 Virus<\/h2>\n<p>Le propri\u00e9taire du site ne pourra \u00eatre tenu responsable des dommages, directs ou indirects, r\u00e9sultant de l\u2019utilisation de ce site Web, de l\u2019impossibilit\u00e9 pour un tiers de l\u2019utiliser, d\u2019un mauvais fonctionnement, d\u2019une interruption, d\u2019un virus ou encore d\u2019un probl\u00e8me de ligne ou de syst\u00e8me.<\/p>\n<h2>Vie Priv\u00e9e \u2013 Informatique et Libert\u00e9<\/h2>\n<p>Aucune information personnelle n\u2019est collect\u00e9e sur ce site \u00e0 votre insu. Conform\u00e9ment \u00e0 la loi n\u00b0 2004-801 du 6 ao\u00fbt 2004 relative \u00e0 l\u2019informatique, aux fichiers et aux libert\u00e9s, le propri\u00e9taire du site garantit un droit d\u2019acc\u00e8s, de modification, de rectification et de suppression pour toutes informations personnelles qui nous seraient transmises. Ce droit peut \u00eatre exerc\u00e9 en envoyant un courrier \u00e9lectronique par le biais de notre formulaire de contact.<\/p>\n<h2>Copyright<\/h2>\n<ul>\n<li><a href=\"https:\/\/www.google.com\/url?q=https%3A%2F%2Fdribbble.com%2FGraphicBurger&amp;sa=D&amp;sntz=1&amp;usg=AFQjCNH_dBl7Cq0HaqTQzzd_trCZzZodQw\" target=\"_blank\" rel=\"noopener\">GraphicBurger<\/a><\/li>\n<li><a href=\"http:\/\/www.freepik.com\" target=\"_blank\" rel=\"noopener\">Freepik<\/a><\/li>\n<\/ul>\n<h2>Webdesign et int\u00e9gration<\/h2>\n<p><a href=\"http:\/\/www.isaq.fr\" target=\"_blank\" rel=\"noopener\"><img loading=\"lazy\" decoding=\"async\" class=\"wp-image-2795 size-full alignnone\" src=\"https:\/\/www.neata.fr\/site\/wp-content\/uploads\/2016\/09\/logo.jpg\" alt=\"Agence de communication Isaq - Logo\" width=\"137\" height=\"241\" \/><\/a><\/p>\n<ul class=\"float_left noneli\">\n<li><a href=\"http:\/\/www.isaq.fr\" target=\"_blank\" rel=\"noopener\">Studio de cr\u00e9ation multim\u00e9dia<\/a><\/li>\n<li>T\u00e9l\u00e9phone +33 (0)6 37 39 38 26<\/li>\n<li>Site web <a title=\"stydio de cr\u00e9ation multim\u00e9dia Isaq\" href=\"http:\/\/www.isaq.fr\" target=\"_blank\" rel=\"noopener\">www.isaq.fr<\/a><\/li>\n<\/ul>\n<h2>H\u00e9bergement<\/h2>\n<p>Tircis<\/p>\n<\/div>\n<\/div>\n<\/div>\n<\/div>\n<\/div>\n<p><span style=\"border-radius: 2px; text-indent: 20px; width: auto; padding: 0px 4px 0px 0px; text-align: center; font: bold 11px\/20px 'Helvetica Neue',Helvetica,sans-serif; color: #ffffff; background: #bd081c no-repeat scroll 3px 50% \/ 14px 14px; position: absolute; opacity: 1; z-index: 8675309; display: none; cursor: pointer; top: 923px; left: 20px;\">Enregistrer<\/span><\/p>\n<p><span style=\"border-radius: 2px; text-indent: 20px; width: auto; padding: 0px 4px 0px 0px; text-align: center; font: bold 11px\/20px 'Helvetica Neue',Helvetica,sans-serif; color: #ffffff; background: #bd081c no-repeat scroll 3px 50% \/ 14px 14px; position: absolute; opacity: 1; z-index: 8675309; display: none; cursor: pointer; top: 923px; left: 20px;\">Enregistrer<\/span><\/p>\n","protected":false},"excerpt":{"rendered":"<p>(r\u00e9glement\u00e9es par la Loi n\u00b0 2004-575 du 21 juin 2004 pour la confiance dans l\u2019\u00e9conomie num\u00e9rique) \u00c9dition Neata&#8230;<\/p>\n","protected":false},"author":1,"featured_media":0,"parent":0,"menu_order":0,"comment_status":"closed","ping_status":"closed","template":"","meta":{"_acf_changed":false,"_exactmetrics_skip_tracking":false,"_exactmetrics_sitenote_active":false,"_exactmetrics_sitenote_note":"","_exactmetrics_sitenote_category":0,"_monsterinsights_skip_tracking":false,"_monsterinsights_sitenote_active":false,"_monsterinsights_sitenote_note":"","_monsterinsights_sitenote_category":0,"footnotes":""},"class_list":["post-2792","page","type-page","status-publish","hentry"],"acf":[],"yoast_head":"<!-- This site is optimized with the Yoast SEO plugin v26.8 - https:\/\/yoast.com\/product\/yoast-seo-wordpress\/ -->\n<title>Mentions l\u00e9gales - NEATA<\/title>\n<meta name=\"robots\" content=\"index, follow, max-snippet:-1, max-image-preview:large, max-video-preview:-1\" \/>\n<link rel=\"canonical\" href=\"https:\/\/www.neata.fr\/index.php\/mentions-legales\/\" \/>\n<meta property=\"og:locale\" content=\"fr_FR\" \/>\n<meta property=\"og:type\" content=\"article\" \/>\n<meta property=\"og:title\" content=\"Mentions l\u00e9gales - NEATA\" \/>\n<meta property=\"og:description\" content=\"(r\u00e9glement\u00e9es par la Loi n\u00b0 2004-575 du 21 juin 2004 pour la confiance dans l\u2019\u00e9conomie num\u00e9rique) \u00c9dition Neata...\" \/>\n<meta property=\"og:url\" content=\"https:\/\/www.neata.fr\/index.php\/mentions-legales\/\" \/>\n<meta property=\"og:site_name\" content=\"NEATA\" \/>\n<meta property=\"article:modified_time\" content=\"2018-04-27T09:04:27+00:00\" \/>\n<meta property=\"og:image\" content=\"https:\/\/www.neata.fr\/site\/wp-content\/uploads\/2016\/09\/logo.jpg\" \/>\n<meta name=\"twitter:label1\" content=\"Dur\u00e9e de lecture estim\u00e9e\" \/>\n\t<meta name=\"twitter:data1\" content=\"1 minute\" \/>\n<script type=\"application\/ld+json\" class=\"yoast-schema-graph\">{\"@context\":\"https:\/\/schema.org\",\"@graph\":[{\"@type\":\"WebPage\",\"@id\":\"https:\/\/www.neata.fr\/index.php\/mentions-legales\/\",\"url\":\"https:\/\/www.neata.fr\/index.php\/mentions-legales\/\",\"name\":\"Mentions l\u00e9gales - NEATA\",\"isPartOf\":{\"@id\":\"https:\/\/www.neata.fr\/#website\"},\"primaryImageOfPage\":{\"@id\":\"https:\/\/www.neata.fr\/index.php\/mentions-legales\/#primaryimage\"},\"image\":{\"@id\":\"https:\/\/www.neata.fr\/index.php\/mentions-legales\/#primaryimage\"},\"thumbnailUrl\":\"https:\/\/www.neata.fr\/site\/wp-content\/uploads\/2016\/09\/logo.jpg\",\"datePublished\":\"2016-09-26T12:27:36+00:00\",\"dateModified\":\"2018-04-27T09:04:27+00:00\",\"breadcrumb\":{\"@id\":\"https:\/\/www.neata.fr\/index.php\/mentions-legales\/#breadcrumb\"},\"inLanguage\":\"fr-FR\",\"potentialAction\":[{\"@type\":\"ReadAction\",\"target\":[\"https:\/\/www.neata.fr\/index.php\/mentions-legales\/\"]}]},{\"@type\":\"ImageObject\",\"inLanguage\":\"fr-FR\",\"@id\":\"https:\/\/www.neata.fr\/index.php\/mentions-legales\/#primaryimage\",\"url\":\"https:\/\/www.neata.fr\/site\/wp-content\/uploads\/2016\/09\/logo.jpg\",\"contentUrl\":\"https:\/\/www.neata.fr\/site\/wp-content\/uploads\/2016\/09\/logo.jpg\",\"width\":137,\"height\":241,\"caption\":\"Agence de communication Isaq - Logo\"},{\"@type\":\"BreadcrumbList\",\"@id\":\"https:\/\/www.neata.fr\/index.php\/mentions-legales\/#breadcrumb\",\"itemListElement\":[{\"@type\":\"ListItem\",\"position\":1,\"name\":\"Accueil\",\"item\":\"https:\/\/www.neata.fr\/\"},{\"@type\":\"ListItem\",\"position\":2,\"name\":\"Mentions l\u00e9gales\"}]},{\"@type\":\"WebSite\",\"@id\":\"https:\/\/www.neata.fr\/#website\",\"url\":\"https:\/\/www.neata.fr\/\",\"name\":\"NEATA\",\"description\":\"Un marketing de valeurs\",\"potentialAction\":[{\"@type\":\"SearchAction\",\"target\":{\"@type\":\"EntryPoint\",\"urlTemplate\":\"https:\/\/www.neata.fr\/?s={search_term_string}\"},\"query-input\":{\"@type\":\"PropertyValueSpecification\",\"valueRequired\":true,\"valueName\":\"search_term_string\"}}],\"inLanguage\":\"fr-FR\"}]}<\/script>\n<!-- \/ Yoast SEO plugin. -->","yoast_head_json":{"title":"Mentions l\u00e9gales - NEATA","robots":{"index":"index","follow":"follow","max-snippet":"max-snippet:-1","max-image-preview":"max-image-preview:large","max-video-preview":"max-video-preview:-1"},"canonical":"https:\/\/www.neata.fr\/index.php\/mentions-legales\/","og_locale":"fr_FR","og_type":"article","og_title":"Mentions l\u00e9gales - NEATA","og_description":"(r\u00e9glement\u00e9es par la Loi n\u00b0 2004-575 du 21 juin 2004 pour la confiance dans l\u2019\u00e9conomie num\u00e9rique) \u00c9dition Neata...","og_url":"https:\/\/www.neata.fr\/index.php\/mentions-legales\/","og_site_name":"NEATA","article_modified_time":"2018-04-27T09:04:27+00:00","og_image":[{"url":"https:\/\/www.neata.fr\/site\/wp-content\/uploads\/2016\/09\/logo.jpg","type":"","width":"","height":""}],"twitter_misc":{"Dur\u00e9e de lecture estim\u00e9e":"1 minute"},"schema":{"@context":"https:\/\/schema.org","@graph":[{"@type":"WebPage","@id":"https:\/\/www.neata.fr\/index.php\/mentions-legales\/","url":"https:\/\/www.neata.fr\/index.php\/mentions-legales\/","name":"Mentions l\u00e9gales - NEATA","isPartOf":{"@id":"https:\/\/www.neata.fr\/#website"},"primaryImageOfPage":{"@id":"https:\/\/www.neata.fr\/index.php\/mentions-legales\/#primaryimage"},"image":{"@id":"https:\/\/www.neata.fr\/index.php\/mentions-legales\/#primaryimage"},"thumbnailUrl":"https:\/\/www.neata.fr\/site\/wp-content\/uploads\/2016\/09\/logo.jpg","datePublished":"2016-09-26T12:27:36+00:00","dateModified":"2018-04-27T09:04:27+00:00","breadcrumb":{"@id":"https:\/\/www.neata.fr\/index.php\/mentions-legales\/#breadcrumb"},"inLanguage":"fr-FR","potentialAction":[{"@type":"ReadAction","target":["https:\/\/www.neata.fr\/index.php\/mentions-legales\/"]}]},{"@type":"ImageObject","inLanguage":"fr-FR","@id":"https:\/\/www.neata.fr\/index.php\/mentions-legales\/#primaryimage","url":"https:\/\/www.neata.fr\/site\/wp-content\/uploads\/2016\/09\/logo.jpg","contentUrl":"https:\/\/www.neata.fr\/site\/wp-content\/uploads\/2016\/09\/logo.jpg","width":137,"height":241,"caption":"Agence de communication Isaq - Logo"},{"@type":"BreadcrumbList","@id":"https:\/\/www.neata.fr\/index.php\/mentions-legales\/#breadcrumb","itemListElement":[{"@type":"ListItem","position":1,"name":"Accueil","item":"https:\/\/www.neata.fr\/"},{"@type":"ListItem","position":2,"name":"Mentions l\u00e9gales"}]},{"@type":"WebSite","@id":"https:\/\/www.neata.fr\/#website","url":"https:\/\/www.neata.fr\/","name":"NEATA","description":"Un marketing de valeurs","potentialAction":[{"@type":"SearchAction","target":{"@type":"EntryPoint","urlTemplate":"https:\/\/www.neata.fr\/?s={search_term_string}"},"query-input":{"@type":"PropertyValueSpecification","valueRequired":true,"valueName":"search_term_string"}}],"inLanguage":"fr-FR"}]}},"_links":{"self":[{"href":"https:\/\/www.neata.fr\/index.php\/wp-json\/wp\/v2\/pages\/2792","targetHints":{"allow":["GET"]}}],"collection":[{"href":"https:\/\/www.neata.fr\/index.php\/wp-json\/wp\/v2\/pages"}],"about":[{"href":"https:\/\/www.neata.fr\/index.php\/wp-json\/wp\/v2\/types\/page"}],"author":[{"embeddable":true,"href":"https:\/\/www.neata.fr\/index.php\/wp-json\/wp\/v2\/users\/1"}],"replies":[{"embeddable":true,"href":"https:\/\/www.neata.fr\/index.php\/wp-json\/wp\/v2\/comments?post=2792"}],"version-history":[{"count":7,"href":"https:\/\/www.neata.fr\/index.php\/wp-json\/wp\/v2\/pages\/2792\/revisions"}],"predecessor-version":[{"id":2953,"href":"https:\/\/www.neata.fr\/index.php\/wp-json\/wp\/v2\/pages\/2792\/revisions\/2953"}],"wp:attachment":[{"href":"https:\/\/www.neata.fr\/index.php\/wp-json\/wp\/v2\/media?parent=2792"}],"curies":[{"name":"wp","href":"https:\/\/api.w.org\/{rel}","templated":true}]}}